{"id":818,"date":"2021-07-23T12:59:12","date_gmt":"2021-07-23T17:59:12","guid":{"rendered":"https:\/\/viaexcelencia.com.mx\/?page_id=818"},"modified":"2021-07-26T13:20:26","modified_gmt":"2021-07-26T18:20:26","slug":"propedeutico-exani-i","status":"publish","type":"page","link":"https:\/\/viaexcelencia.com.mx\/index.php\/propedeutico-exani-i\/","title":{"rendered":"Proped\u00e9utico EXANI I"},"content":{"rendered":"\t\t<div data-elementor-type=\"wp-page\" data-elementor-id=\"818\" class=\"elementor elementor-818\">\n\t\t\t\t\t\t\t\t\t<section class=\"elementor-section elementor-top-section elementor-element elementor-element-51be65d4 elementor-section-height-min-height elementor-section-boxed elementor-section-height-default elementor-section-items-middle\" data-id=\"51be65d4\" data-element_type=\"section\" data-settings=\"{&quot;background_background&quot;:&quot;classic&quot;}\">\n\t\t\t\t\t\t\t<div class=\"elementor-background-overlay\"><\/div>\n\t\t\t\t\t\t\t<div class=\"elementor-container elementor-column-gap-default\">\n\t\t\t\t\t<div class=\"elementor-column elementor-col-100 elementor-top-column elementor-element elementor-element-1c2dd84\" data-id=\"1c2dd84\" data-element_type=\"column\">\n\t\t\t<div class=\"elementor-widget-wrap elementor-element-populated\">\n\t\t\t\t\t\t\t\t<div class=\"elementor-element elementor-element-55cd4c71 elementor-widget elementor-widget-heading\" data-id=\"55cd4c71\" data-element_type=\"widget\" data-widget_type=\"heading.default\">\n\t\t\t\t<div class=\"elementor-widget-container\">\n\t\t\t<h2 class=\"elementor-heading-title elementor-size-large\">Proped\u00e9utico EXANI I<\/h2>\t\t<\/div>\n\t\t\t\t<\/div>\n\t\t\t\t\t<\/div>\n\t\t<\/div>\n\t\t\t\t\t\t\t<\/div>\n\t\t<\/section>\n\t\t\t\t<section class=\"elementor-section elementor-top-section elementor-element elementor-element-504835be elementor-section-boxed elementor-section-height-default elementor-section-height-default\" data-id=\"504835be\" data-element_type=\"section\" data-settings=\"{&quot;background_background&quot;:&quot;classic&quot;}\">\n\t\t\t\t\t\t<div class=\"elementor-container elementor-column-gap-default\">\n\t\t\t\t\t<div class=\"elementor-column elementor-col-50 elementor-top-column elementor-element elementor-element-cf3a86b\" data-id=\"cf3a86b\" data-element_type=\"column\">\n\t\t\t<div class=\"elementor-widget-wrap elementor-element-populated\">\n\t\t\t\t\t\t\t\t<div class=\"elementor-element elementor-element-433b3433 elementor-widget__width-inherit elementor-widget elementor-widget-heading\" data-id=\"433b3433\" data-element_type=\"widget\" data-widget_type=\"heading.default\">\n\t\t\t\t<div class=\"elementor-widget-container\">\n\t\t\t<h2 class=\"elementor-heading-title elementor-size-xl\">\u201cCurso pr\u00e1ctico, puntual y de alto rendimiento\u201d<\/h2>\t\t<\/div>\n\t\t\t\t<\/div>\n\t\t\t\t\t<\/div>\n\t\t<\/div>\n\t\t\t\t<div class=\"elementor-column elementor-col-50 elementor-top-column elementor-element elementor-element-598a53b6\" data-id=\"598a53b6\" data-element_type=\"column\" data-settings=\"{&quot;background_background&quot;:&quot;classic&quot;}\">\n\t\t\t<div class=\"elementor-widget-wrap elementor-element-populated\">\n\t\t\t\t\t\t\t\t<div class=\"elementor-element elementor-element-d3963b5 elementor-widget elementor-widget-text-editor\" data-id=\"d3963b5\" data-element_type=\"widget\" data-widget_type=\"text-editor.default\">\n\t\t\t\t<div class=\"elementor-widget-container\">\n\t\t\t\t\t\t\t<p><strong>OBJETIVO:<\/strong><\/p><p>Preparar a los estudiantes o egresados de la educaci\u00f3n secundaria para presentar el <strong>nuevo EXANI I<\/strong> del <strong>CENEVAL <\/strong>para el ingreso a una instituci\u00f3n de educaci\u00f3n media superior (bachillerato).<\/p>\t\t\t\t\t\t<\/div>\n\t\t\t\t<\/div>\n\t\t\t\t\t<\/div>\n\t\t<\/div>\n\t\t\t\t\t\t\t<\/div>\n\t\t<\/section>\n\t\t\t\t<section class=\"elementor-section elementor-top-section elementor-element elementor-element-93f21a1 elementor-section-boxed elementor-section-height-default elementor-section-height-default\" data-id=\"93f21a1\" data-element_type=\"section\">\n\t\t\t\t\t\t<div class=\"elementor-container elementor-column-gap-default\">\n\t\t\t\t\t<div class=\"elementor-column elementor-col-100 elementor-top-column elementor-element elementor-element-1392061f\" data-id=\"1392061f\" data-element_type=\"column\">\n\t\t\t<div class=\"elementor-widget-wrap elementor-element-populated\">\n\t\t\t\t\t\t\t\t<div class=\"elementor-element elementor-element-18568b5 elementor-widget elementor-widget-spacer\" data-id=\"18568b5\" data-element_type=\"widget\" data-widget_type=\"spacer.default\">\n\t\t\t\t<div class=\"elementor-widget-container\">\n\t\t\t\t\t<div class=\"elementor-spacer\">\n\t\t\t<div class=\"elementor-spacer-inner\"><\/div>\n\t\t<\/div>\n\t\t\t\t<\/div>\n\t\t\t\t<\/div>\n\t\t\t\t\t<\/div>\n\t\t<\/div>\n\t\t\t\t\t\t\t<\/div>\n\t\t<\/section>\n\t\t\t\t<section class=\"elementor-section elementor-top-section elementor-element elementor-element-414cfba1 elementor-section-boxed elementor-section-height-default elementor-section-height-default\" data-id=\"414cfba1\" data-element_type=\"section\">\n\t\t\t\t\t\t<div class=\"elementor-container elementor-column-gap-default\">\n\t\t\t\t\t<div class=\"elementor-column elementor-col-100 elementor-top-column elementor-element elementor-element-331dc8b1\" data-id=\"331dc8b1\" data-element_type=\"column\">\n\t\t\t<div class=\"elementor-widget-wrap elementor-element-populated\">\n\t\t\t\t\t\t\t\t<div class=\"elementor-element elementor-element-35d1038 elementor-widget elementor-widget-text-editor\" data-id=\"35d1038\" data-element_type=\"widget\" data-widget_type=\"text-editor.default\">\n\t\t\t\t<div class=\"elementor-widget-container\">\n\t\t\t\t\t\t\t<p><span style=\"color: #960539;\"><strong>EN EL CURSO LOGRAR\u00c1S:<\/strong><\/span><\/p><p>\u00a0<\/p><ul><li>Identificar tus habilidades y mantener una actitud positiva hacia el desarrollo de tus aprendizajes para el nuevo EXANI I.<\/li><li>Desarrollar habilidades de pensamiento que te ayudar\u00e1n a contestar de manera f\u00e1cil los diferentes tipos de \u00edtems del CENEVAL.<\/li><li>Aumentar tus conocimientos sobre las \u00e1reas que eval\u00faa el nuevo EXANI I: Pensamiento cient\u00edfico, Comprensi\u00f3n lectora, Redacci\u00f3n indirecta, Pensamiento matem\u00e1tico e Ingl\u00e9s.<\/li><li>Implementar recomendaciones para contestar los diferentes tipos de \u00edtems del CENEVAL.<\/li><li>Identificar tus \u00e1reas de oportunidad y mejorar tu aprendizaje.<\/li><li>Resolver dudas en relaci\u00f3n con el examen, el contenido, la forma de resolverlo y el proceso de aplicaci\u00f3n del examen.<\/li><li>Resolver \u00edtems tipo CENEVAL, desde la identificaci\u00f3n de los tipos que se incluyen en el nuevo EXANI I hasta la forma de excluir los distractores.<\/li><\/ul><p><strong>\u00a0<\/strong><\/p><p><span style=\"color: #960539;\"><strong>PARA ELLO, TE OFRECEMOS:<\/strong><\/span><\/p><p>\u00a0<\/p><ul><li>Docentes certificados y competentes en su \u00e1rea.<\/li><li>Curso autogestionable para que puedas estudiar en tus tiempos y espacios a trav\u00e9s de la Plataforma Moodle.<\/li><li>Diversidad de materiales pr\u00e1cticos para el estudio de los temas del nuevo EXANI I.<\/li><li>Curso estructurado gradualmente con tips y sugerencias de estudio.<\/li><li>Entrenamiento para la resoluci\u00f3n de pruebas como el nuevo EXANI I.<\/li><li>Curso dise\u00f1ado con metas educativas y desaf\u00edos que te motivar\u00e1n a estudiar para el logro de tus objetivos de aprendizaje.<\/li><li>Seguimiento oportuno de tus avances en el curso.<\/li><li>Oportunidades de aplicaci\u00f3n de lo aprendido a trav\u00e9s de ejercicios, ex\u00e1menes y simuladores.<\/li><li>Asesor\u00edas personalizadas.<\/li><li>Sesiones de coaching para atender dudas o situaciones relacionadas con tu proceso de aprendizaje.<\/li><\/ul>\t\t\t\t\t\t<\/div>\n\t\t\t\t<\/div>\n\t\t\t\t<div class=\"elementor-element elementor-element-1c5cb27 elementor-widget elementor-widget-text-editor\" data-id=\"1c5cb27\" data-element_type=\"widget\" data-widget_type=\"text-editor.default\">\n\t\t\t\t<div class=\"elementor-widget-container\">\n\t\t\t\t\t\t\t<p><span style=\"color: #960539;\"><strong>CONTENIDO DEL CURSO:<\/strong><\/span><\/p><p>\u00a0<\/p><ul><li>Habilidades y conocimientos:<ul><li>Pensamiento cient\u00edfico<\/li><li>Comprensi\u00f3n lectora<\/li><li>Redacci\u00f3n indirecta<\/li><li>Pensamiento matem\u00e1tico<\/li><\/ul><\/li><\/ul><p>\u00a0<\/p><ul><li>Informaci\u00f3n diagn\u00f3stica<ul><li>Ingl\u00e9s como lengua extranjera<\/li><\/ul><\/li><\/ul><p>\u00a0<\/p><p><span style=\"color: #960539;\"><strong>MODALIDAD:<\/strong><\/span><\/p><p>\u00a0<\/p><ul><li>Virtual<ul><li>Cursos y materiales disponibles en la Plataforma Moodle<\/li><li>Acceso ilimitado a los materiales durante el curso<\/li><li>Asesor\u00edas a trav\u00e9s de Google Meet o Zoom.<\/li><\/ul><\/li><\/ul>\t\t\t\t\t\t<\/div>\n\t\t\t\t<\/div>\n\t\t\t\t<div class=\"elementor-element elementor-element-46dde735 elementor-widget elementor-widget-spacer\" data-id=\"46dde735\" data-element_type=\"widget\" data-widget_type=\"spacer.default\">\n\t\t\t\t<div class=\"elementor-widget-container\">\n\t\t\t\t\t<div class=\"elementor-spacer\">\n\t\t\t<div class=\"elementor-spacer-inner\"><\/div>\n\t\t<\/div>\n\t\t\t\t<\/div>\n\t\t\t\t<\/div>\n\t\t\t\t<div class=\"elementor-element elementor-element-cdf15e3 elementor-widget elementor-widget-html\" data-id=\"cdf15e3\" data-element_type=\"widget\" data-widget_type=\"html.default\">\n\t\t\t\t<div class=\"elementor-widget-container\">\n\t\t\t<script> \r\njQuery(document).ready(function($) { \r\nvar delay = 100; setTimeout(function() { \r\n$('.elementor-tab-title').removeClass('elementor-active');\r\n $('.elementor-tab-content').css('display', 'none'); }, delay); \r\n}); \r\n<\/script>\t\t<\/div>\n\t\t\t\t<\/div>\n\t\t\t\t<div class=\"elementor-element elementor-element-30a9958 elementor-widget elementor-widget-accordion\" data-id=\"30a9958\" data-element_type=\"widget\" data-widget_type=\"accordion.default\">\n\t\t\t\t<div class=\"elementor-widget-container\">\n\t\t\t\t\t<div class=\"elementor-accordion\" role=\"tablist\">\n\t\t\t\t\t\t\t<div class=\"elementor-accordion-item\">\n\t\t\t\t\t<div id=\"elementor-tab-title-5101\" class=\"elementor-tab-title\" data-tab=\"1\" role=\"tab\" aria-controls=\"elementor-tab-content-5101\" aria-expanded=\"false\">\n\t\t\t\t\t\t\t\t\t\t\t\t\t<span class=\"elementor-accordion-icon elementor-accordion-icon-left\" aria-hidden=\"true\">\n\t\t\t\t\t\t\t\t\t\t\t\t\t\t\t<span class=\"elementor-accordion-icon-closed\"><i class=\"fas fa-caret-square-down\"><\/i><\/span>\n\t\t\t\t\t\t\t\t<span class=\"elementor-accordion-icon-opened\"><i class=\"far fa-caret-square-up\"><\/i><\/span>\n\t\t\t\t\t\t\t\t\t\t\t\t\t\t<\/span>\n\t\t\t\t\t\t\t\t\t\t\t\t<a class=\"elementor-accordion-title\" href=\"\">Inicie su inscripci\u00f3n<\/a>\n\t\t\t\t\t<\/div>\n\t\t\t\t\t<div id=\"elementor-tab-content-5101\" class=\"elementor-tab-content elementor-clearfix\" data-tab=\"1\" role=\"tabpanel\" aria-labelledby=\"elementor-tab-title-5101\"><iframe loading=\"lazy\" title=\"W3Schools Free Online Web Tutorials\" src=\"https:\/\/viaexcelencia.com.mx\/forms\/index.php\/368564?lang=es-MX\" width=\"100%\" height=\"800\">\n<\/iframe><\/div>\n\t\t\t\t<\/div>\n\t\t\t\t\t\t\t\t<\/div>\n\t\t\t\t<\/div>\n\t\t\t\t<\/div>\n\t\t\t\t\t<\/div>\n\t\t<\/div>\n\t\t\t\t\t\t\t<\/div>\n\t\t<\/section>\n\t\t\t\t\t\t\t<\/div>\n\t\t","protected":false},"excerpt":{"rendered":"<p>Proped\u00e9utico EXANI I \u201cCurso pr\u00e1ctico, puntual y de alto rendimiento\u201d OBJETIVO: Preparar a los estudiantes o egresados de la educaci\u00f3n [&hellip;]<\/p>\n","protected":false},"author":1,"featured_media":0,"parent":0,"menu_order":0,"comment_status":"closed","ping_status":"closed","template":"elementor_header_footer","meta":[],"yoast_head":"<!-- This site is optimized with the Yoast SEO plugin v19.6.1 - https:\/\/yoast.com\/wordpress\/plugins\/seo\/ -->\n<title>Proped\u00e9utico EXANI I - Instituto V\u00eda Excelencia<\/title>\n<meta name=\"robots\" content=\"index, follow, max-snippet:-1, max-image-preview:large, max-video-preview:-1\" \/>\n<link rel=\"canonical\" href=\"https:\/\/viaexcelencia.com.mx\/index.php\/propedeutico-exani-i\/\" \/>\n<meta property=\"og:locale\" content=\"es_ES\" \/>\n<meta property=\"og:type\" content=\"article\" \/>\n<meta property=\"og:title\" content=\"Proped\u00e9utico EXANI I - Instituto V\u00eda Excelencia\" \/>\n<meta property=\"og:description\" content=\"Proped\u00e9utico EXANI I \u201cCurso pr\u00e1ctico, puntual y de alto rendimiento\u201d OBJETIVO: Preparar a los estudiantes o egresados de la educaci\u00f3n [&hellip;]\" \/>\n<meta property=\"og:url\" content=\"https:\/\/viaexcelencia.com.mx\/index.php\/propedeutico-exani-i\/\" \/>\n<meta property=\"og:site_name\" content=\"Instituto V\u00eda Excelencia\" \/>\n<meta property=\"article:publisher\" content=\"https:\/\/www.facebook.com\/institutoviaexcelencia\" \/>\n<meta property=\"article:modified_time\" content=\"2021-07-26T18:20:26+00:00\" \/>\n<meta name=\"twitter:card\" content=\"summary_large_image\" \/>\n<meta name=\"twitter:label1\" content=\"Tiempo de lectura\" \/>\n\t<meta name=\"twitter:data1\" content=\"2 minutos\" \/>\n<script type=\"application\/ld+json\" class=\"yoast-schema-graph\">{\"@context\":\"https:\/\/schema.org\",\"@graph\":[{\"@type\":\"WebPage\",\"@id\":\"https:\/\/viaexcelencia.com.mx\/index.php\/propedeutico-exani-i\/\",\"url\":\"https:\/\/viaexcelencia.com.mx\/index.php\/propedeutico-exani-i\/\",\"name\":\"Proped\u00e9utico EXANI I - Instituto V\u00eda Excelencia\",\"isPartOf\":{\"@id\":\"https:\/\/viaexcelencia.com.mx\/#website\"},\"datePublished\":\"2021-07-23T17:59:12+00:00\",\"dateModified\":\"2021-07-26T18:20:26+00:00\",\"breadcrumb\":{\"@id\":\"https:\/\/viaexcelencia.com.mx\/index.php\/propedeutico-exani-i\/#breadcrumb\"},\"inLanguage\":\"es\",\"potentialAction\":[{\"@type\":\"ReadAction\",\"target\":[\"https:\/\/viaexcelencia.com.mx\/index.php\/propedeutico-exani-i\/\"]}]},{\"@type\":\"BreadcrumbList\",\"@id\":\"https:\/\/viaexcelencia.com.mx\/index.php\/propedeutico-exani-i\/#breadcrumb\",\"itemListElement\":[{\"@type\":\"ListItem\",\"position\":1,\"name\":\"Home\",\"item\":\"https:\/\/viaexcelencia.com.mx\/\"},{\"@type\":\"ListItem\",\"position\":2,\"name\":\"Proped\u00e9utico EXANI I\"}]},{\"@type\":\"WebSite\",\"@id\":\"https:\/\/viaexcelencia.com.mx\/#website\",\"url\":\"https:\/\/viaexcelencia.com.mx\/\",\"name\":\"Instituto V\u00eda Excelencia\",\"description\":\"\",\"publisher\":{\"@id\":\"https:\/\/viaexcelencia.com.mx\/#organization\"},\"potentialAction\":[{\"@type\":\"SearchAction\",\"target\":{\"@type\":\"EntryPoint\",\"urlTemplate\":\"https:\/\/viaexcelencia.com.mx\/?s={search_term_string}\"},\"query-input\":\"required name=search_term_string\"}],\"inLanguage\":\"es\"},{\"@type\":\"Organization\",\"@id\":\"https:\/\/viaexcelencia.com.mx\/#organization\",\"name\":\"Instituto V\u00eda Excelencia\",\"url\":\"https:\/\/viaexcelencia.com.mx\/\",\"sameAs\":[\"https:\/\/www.facebook.com\/institutoviaexcelencia\"],\"logo\":{\"@type\":\"ImageObject\",\"inLanguage\":\"es\",\"@id\":\"https:\/\/viaexcelencia.com.mx\/#\/schema\/logo\/image\/\",\"url\":\"https:\/\/viaexcelencia.com.mx\/wp-content\/uploads\/2021\/07\/Logotipo-VE-final-07.png\",\"contentUrl\":\"https:\/\/viaexcelencia.com.mx\/wp-content\/uploads\/2021\/07\/Logotipo-VE-final-07.png\",\"width\":2629,\"height\":1021,\"caption\":\"Instituto V\u00eda Excelencia\"},\"image\":{\"@id\":\"https:\/\/viaexcelencia.com.mx\/#\/schema\/logo\/image\/\"}}]}<\/script>\n<!-- \/ Yoast SEO plugin. -->","yoast_head_json":{"title":"Proped\u00e9utico EXANI I - Instituto V\u00eda Excelencia","robots":{"index":"index","follow":"follow","max-snippet":"max-snippet:-1","max-image-preview":"max-image-preview:large","max-video-preview":"max-video-preview:-1"},"canonical":"https:\/\/viaexcelencia.com.mx\/index.php\/propedeutico-exani-i\/","og_locale":"es_ES","og_type":"article","og_title":"Proped\u00e9utico EXANI I - Instituto V\u00eda Excelencia","og_description":"Proped\u00e9utico EXANI I \u201cCurso pr\u00e1ctico, puntual y de alto rendimiento\u201d OBJETIVO: Preparar a los estudiantes o egresados de la educaci\u00f3n [&hellip;]","og_url":"https:\/\/viaexcelencia.com.mx\/index.php\/propedeutico-exani-i\/","og_site_name":"Instituto V\u00eda Excelencia","article_publisher":"https:\/\/www.facebook.com\/institutoviaexcelencia","article_modified_time":"2021-07-26T18:20:26+00:00","twitter_card":"summary_large_image","twitter_misc":{"Tiempo de lectura":"2 minutos"},"schema":{"@context":"https:\/\/schema.org","@graph":[{"@type":"WebPage","@id":"https:\/\/viaexcelencia.com.mx\/index.php\/propedeutico-exani-i\/","url":"https:\/\/viaexcelencia.com.mx\/index.php\/propedeutico-exani-i\/","name":"Proped\u00e9utico EXANI I - Instituto V\u00eda Excelencia","isPartOf":{"@id":"https:\/\/viaexcelencia.com.mx\/#website"},"datePublished":"2021-07-23T17:59:12+00:00","dateModified":"2021-07-26T18:20:26+00:00","breadcrumb":{"@id":"https:\/\/viaexcelencia.com.mx\/index.php\/propedeutico-exani-i\/#breadcrumb"},"inLanguage":"es","potentialAction":[{"@type":"ReadAction","target":["https:\/\/viaexcelencia.com.mx\/index.php\/propedeutico-exani-i\/"]}]},{"@type":"BreadcrumbList","@id":"https:\/\/viaexcelencia.com.mx\/index.php\/propedeutico-exani-i\/#breadcrumb","itemListElement":[{"@type":"ListItem","position":1,"name":"Home","item":"https:\/\/viaexcelencia.com.mx\/"},{"@type":"ListItem","position":2,"name":"Proped\u00e9utico EXANI I"}]},{"@type":"WebSite","@id":"https:\/\/viaexcelencia.com.mx\/#website","url":"https:\/\/viaexcelencia.com.mx\/","name":"Instituto V\u00eda Excelencia","description":"","publisher":{"@id":"https:\/\/viaexcelencia.com.mx\/#organization"},"potentialAction":[{"@type":"SearchAction","target":{"@type":"EntryPoint","urlTemplate":"https:\/\/viaexcelencia.com.mx\/?s={search_term_string}"},"query-input":"required name=search_term_string"}],"inLanguage":"es"},{"@type":"Organization","@id":"https:\/\/viaexcelencia.com.mx\/#organization","name":"Instituto V\u00eda Excelencia","url":"https:\/\/viaexcelencia.com.mx\/","sameAs":["https:\/\/www.facebook.com\/institutoviaexcelencia"],"logo":{"@type":"ImageObject","inLanguage":"es","@id":"https:\/\/viaexcelencia.com.mx\/#\/schema\/logo\/image\/","url":"https:\/\/viaexcelencia.com.mx\/wp-content\/uploads\/2021\/07\/Logotipo-VE-final-07.png","contentUrl":"https:\/\/viaexcelencia.com.mx\/wp-content\/uploads\/2021\/07\/Logotipo-VE-final-07.png","width":2629,"height":1021,"caption":"Instituto V\u00eda Excelencia"},"image":{"@id":"https:\/\/viaexcelencia.com.mx\/#\/schema\/logo\/image\/"}}]}},"_links":{"self":[{"href":"https:\/\/viaexcelencia.com.mx\/index.php\/wp-json\/wp\/v2\/pages\/818"}],"collection":[{"href":"https:\/\/viaexcelencia.com.mx\/index.php\/wp-json\/wp\/v2\/pages"}],"about":[{"href":"https:\/\/viaexcelencia.com.mx\/index.php\/wp-json\/wp\/v2\/types\/page"}],"author":[{"embeddable":true,"href":"https:\/\/viaexcelencia.com.mx\/index.php\/wp-json\/wp\/v2\/users\/1"}],"replies":[{"embeddable":true,"href":"https:\/\/viaexcelencia.com.mx\/index.php\/wp-json\/wp\/v2\/comments?post=818"}],"version-history":[{"count":16,"href":"https:\/\/viaexcelencia.com.mx\/index.php\/wp-json\/wp\/v2\/pages\/818\/revisions"}],"predecessor-version":[{"id":858,"href":"https:\/\/viaexcelencia.com.mx\/index.php\/wp-json\/wp\/v2\/pages\/818\/revisions\/858"}],"wp:attachment":[{"href":"https:\/\/viaexcelencia.com.mx\/index.php\/wp-json\/wp\/v2\/media?parent=818"}],"curies":[{"name":"wp","href":"https:\/\/api.w.org\/{rel}","templated":true}]}}