{"id":3,"date":"2020-12-11T03:52:29","date_gmt":"2020-12-11T03:52:29","guid":{"rendered":"https:\/\/viaexcelencia.com.mx\/?page_id=3"},"modified":"2021-07-14T21:44:54","modified_gmt":"2021-07-15T02:44:54","slug":"privacy-policy","status":"publish","type":"page","link":"https:\/\/viaexcelencia.com.mx\/index.php\/privacy-policy\/","title":{"rendered":"Aviso de privacidad"},"content":{"rendered":"\n<p>La Asociaci\u00f3n conocida comercialmente como INSTITUTO V\u00cdA EXCELENCIA, domiciliada en el predio n\u00famero 397 de la calle 59 letra \u201cC\u201d del Fraccionamiento Villas de Yucalpet\u00e9n, M\u00e9rida, Yucat\u00e1n., C.P. 97238, es responsable de tratar los datos personales recabados a trav\u00e9s del presente formato.<\/p>\n\n\n\n<p>El compromiso que adquirimos al obtener sus datos personales, es tratarlos para hacer posible la prestaci\u00f3n de servicios de acuerdo al objeto social del \u201cInstituto V\u00eda Excelencia\u201d y los servicios que sean contratados por el titular, mismos que sean referentes a la creaci\u00f3n e identificaci\u00f3n de cuentas, nombres y n\u00fameros de usuario del sistema institucional de aprendizaje, de igual manera para la creaci\u00f3n de cuentas de usuario y accesos a la plataforma virtual institucional, as\u00ed como tambi\u00e9n para enviar informaci\u00f3n relacionada de acuerdo a sus intereses que se relacione con la oferta educativa vigente, tales como los diversos servicios que se ofrezcan en \u201cLa Empresa\u201d, as\u00ed como cursos que se impartan en el \u201cInstituto V\u00eda Excelencia\u201d, fechas de inicio, desarrollo y conclusi\u00f3n de los mismos y de igual forma la manera de llevar a cabo la acreditaci\u00f3n relacionada a dichos cursos.<\/p>\n\n\n\n<p>En virtud de lo anterior, el titular manifiesta su consentimiento mediante la aceptaci\u00f3n del presente aviso para que el responsable o cualquier encargado realicen transferencias de datos personales a terceros nacionales, en el entendido de que el tratamiento que dichos terceros den a los datos personales de cada Titular deber\u00e1 ajustarse a lo establecido en este Aviso de Privacidad<\/p>\n\n\n\n<p>Para mayor informaci\u00f3n acerca del tratamiento de datos personales y de los derechos que puede hacer valer, usted puede solicitar f\u00edsicamente el aviso de privacidad completo en las oficinas ubicadas en el predio n\u00famero 397 de la calle 59 letra \u201cC\u201d&nbsp; del Fraccionamiento Villas de Yucalpet\u00e9n, M\u00e9rida, Yucat\u00e1n., C.P. 97238, o solicitarlo v\u00eda correo electr\u00f3nico a <a href=\"mailto:contacto@viaexcelencia.com.mx\">contacto@viaexcelencia.com.mx<\/a><\/p>\n","protected":false},"excerpt":{"rendered":"<p>La Asociaci\u00f3n conocida comercialmente como INSTITUTO V\u00cdA EXCELENCIA, domiciliada en el predio n\u00famero 397 de la calle 59 letra \u201cC\u201d [&hellip;]<\/p>\n","protected":false},"author":2,"featured_media":0,"parent":0,"menu_order":0,"comment_status":"closed","ping_status":"closed","template":"template-full-width.php","meta":[],"yoast_head":"<!-- This site is optimized with the Yoast SEO plugin v19.6.1 - https:\/\/yoast.com\/wordpress\/plugins\/seo\/ -->\n<title>Aviso de privacidad - Instituto V\u00eda Excelencia<\/title>\n<meta name=\"robots\" content=\"index, follow, max-snippet:-1, max-image-preview:large, max-video-preview:-1\" \/>\n<link rel=\"canonical\" href=\"https:\/\/viaexcelencia.com.mx\/index.php\/privacy-policy\/\" \/>\n<meta property=\"og:locale\" content=\"es_ES\" \/>\n<meta property=\"og:type\" content=\"article\" \/>\n<meta property=\"og:title\" content=\"Aviso de privacidad - Instituto V\u00eda Excelencia\" \/>\n<meta property=\"og:description\" content=\"La Asociaci\u00f3n conocida comercialmente como INSTITUTO V\u00cdA EXCELENCIA, domiciliada en el predio n\u00famero 397 de la calle 59 letra \u201cC\u201d [&hellip;]\" \/>\n<meta property=\"og:url\" content=\"https:\/\/viaexcelencia.com.mx\/index.php\/privacy-policy\/\" \/>\n<meta property=\"og:site_name\" content=\"Instituto V\u00eda Excelencia\" \/>\n<meta property=\"article:publisher\" content=\"https:\/\/www.facebook.com\/institutoviaexcelencia\" \/>\n<meta property=\"article:modified_time\" content=\"2021-07-15T02:44:54+00:00\" \/>\n<meta name=\"twitter:card\" content=\"summary_large_image\" \/>\n<meta name=\"twitter:label1\" content=\"Tiempo de lectura\" \/>\n\t<meta name=\"twitter:data1\" content=\"2 minutos\" \/>\n<script type=\"application\/ld+json\" class=\"yoast-schema-graph\">{\"@context\":\"https:\/\/schema.org\",\"@graph\":[{\"@type\":\"WebPage\",\"@id\":\"https:\/\/viaexcelencia.com.mx\/index.php\/privacy-policy\/\",\"url\":\"https:\/\/viaexcelencia.com.mx\/index.php\/privacy-policy\/\",\"name\":\"Aviso de privacidad - Instituto V\u00eda Excelencia\",\"isPartOf\":{\"@id\":\"https:\/\/viaexcelencia.com.mx\/#website\"},\"datePublished\":\"2020-12-11T03:52:29+00:00\",\"dateModified\":\"2021-07-15T02:44:54+00:00\",\"breadcrumb\":{\"@id\":\"https:\/\/viaexcelencia.com.mx\/index.php\/privacy-policy\/#breadcrumb\"},\"inLanguage\":\"es\",\"potentialAction\":[{\"@type\":\"ReadAction\",\"target\":[\"https:\/\/viaexcelencia.com.mx\/index.php\/privacy-policy\/\"]}]},{\"@type\":\"BreadcrumbList\",\"@id\":\"https:\/\/viaexcelencia.com.mx\/index.php\/privacy-policy\/#breadcrumb\",\"itemListElement\":[{\"@type\":\"ListItem\",\"position\":1,\"name\":\"Home\",\"item\":\"https:\/\/viaexcelencia.com.mx\/\"},{\"@type\":\"ListItem\",\"position\":2,\"name\":\"Aviso de privacidad\"}]},{\"@type\":\"WebSite\",\"@id\":\"https:\/\/viaexcelencia.com.mx\/#website\",\"url\":\"https:\/\/viaexcelencia.com.mx\/\",\"name\":\"Instituto V\u00eda Excelencia\",\"description\":\"\",\"publisher\":{\"@id\":\"https:\/\/viaexcelencia.com.mx\/#organization\"},\"potentialAction\":[{\"@type\":\"SearchAction\",\"target\":{\"@type\":\"EntryPoint\",\"urlTemplate\":\"https:\/\/viaexcelencia.com.mx\/?s={search_term_string}\"},\"query-input\":\"required name=search_term_string\"}],\"inLanguage\":\"es\"},{\"@type\":\"Organization\",\"@id\":\"https:\/\/viaexcelencia.com.mx\/#organization\",\"name\":\"Instituto V\u00eda Excelencia\",\"url\":\"https:\/\/viaexcelencia.com.mx\/\",\"sameAs\":[\"https:\/\/www.facebook.com\/institutoviaexcelencia\"],\"logo\":{\"@type\":\"ImageObject\",\"inLanguage\":\"es\",\"@id\":\"https:\/\/viaexcelencia.com.mx\/#\/schema\/logo\/image\/\",\"url\":\"https:\/\/viaexcelencia.com.mx\/wp-content\/uploads\/2021\/07\/Logotipo-VE-final-07.png\",\"contentUrl\":\"https:\/\/viaexcelencia.com.mx\/wp-content\/uploads\/2021\/07\/Logotipo-VE-final-07.png\",\"width\":2629,\"height\":1021,\"caption\":\"Instituto V\u00eda Excelencia\"},\"image\":{\"@id\":\"https:\/\/viaexcelencia.com.mx\/#\/schema\/logo\/image\/\"}}]}<\/script>\n<!-- \/ Yoast SEO plugin. -->","yoast_head_json":{"title":"Aviso de privacidad - Instituto V\u00eda Excelencia","robots":{"index":"index","follow":"follow","max-snippet":"max-snippet:-1","max-image-preview":"max-image-preview:large","max-video-preview":"max-video-preview:-1"},"canonical":"https:\/\/viaexcelencia.com.mx\/index.php\/privacy-policy\/","og_locale":"es_ES","og_type":"article","og_title":"Aviso de privacidad - Instituto V\u00eda Excelencia","og_description":"La Asociaci\u00f3n conocida comercialmente como INSTITUTO V\u00cdA EXCELENCIA, domiciliada en el predio n\u00famero 397 de la calle 59 letra \u201cC\u201d [&hellip;]","og_url":"https:\/\/viaexcelencia.com.mx\/index.php\/privacy-policy\/","og_site_name":"Instituto V\u00eda Excelencia","article_publisher":"https:\/\/www.facebook.com\/institutoviaexcelencia","article_modified_time":"2021-07-15T02:44:54+00:00","twitter_card":"summary_large_image","twitter_misc":{"Tiempo de lectura":"2 minutos"},"schema":{"@context":"https:\/\/schema.org","@graph":[{"@type":"WebPage","@id":"https:\/\/viaexcelencia.com.mx\/index.php\/privacy-policy\/","url":"https:\/\/viaexcelencia.com.mx\/index.php\/privacy-policy\/","name":"Aviso de privacidad - Instituto V\u00eda Excelencia","isPartOf":{"@id":"https:\/\/viaexcelencia.com.mx\/#website"},"datePublished":"2020-12-11T03:52:29+00:00","dateModified":"2021-07-15T02:44:54+00:00","breadcrumb":{"@id":"https:\/\/viaexcelencia.com.mx\/index.php\/privacy-policy\/#breadcrumb"},"inLanguage":"es","potentialAction":[{"@type":"ReadAction","target":["https:\/\/viaexcelencia.com.mx\/index.php\/privacy-policy\/"]}]},{"@type":"BreadcrumbList","@id":"https:\/\/viaexcelencia.com.mx\/index.php\/privacy-policy\/#breadcrumb","itemListElement":[{"@type":"ListItem","position":1,"name":"Home","item":"https:\/\/viaexcelencia.com.mx\/"},{"@type":"ListItem","position":2,"name":"Aviso de privacidad"}]},{"@type":"WebSite","@id":"https:\/\/viaexcelencia.com.mx\/#website","url":"https:\/\/viaexcelencia.com.mx\/","name":"Instituto V\u00eda Excelencia","description":"","publisher":{"@id":"https:\/\/viaexcelencia.com.mx\/#organization"},"potentialAction":[{"@type":"SearchAction","target":{"@type":"EntryPoint","urlTemplate":"https:\/\/viaexcelencia.com.mx\/?s={search_term_string}"},"query-input":"required name=search_term_string"}],"inLanguage":"es"},{"@type":"Organization","@id":"https:\/\/viaexcelencia.com.mx\/#organization","name":"Instituto V\u00eda Excelencia","url":"https:\/\/viaexcelencia.com.mx\/","sameAs":["https:\/\/www.facebook.com\/institutoviaexcelencia"],"logo":{"@type":"ImageObject","inLanguage":"es","@id":"https:\/\/viaexcelencia.com.mx\/#\/schema\/logo\/image\/","url":"https:\/\/viaexcelencia.com.mx\/wp-content\/uploads\/2021\/07\/Logotipo-VE-final-07.png","contentUrl":"https:\/\/viaexcelencia.com.mx\/wp-content\/uploads\/2021\/07\/Logotipo-VE-final-07.png","width":2629,"height":1021,"caption":"Instituto V\u00eda Excelencia"},"image":{"@id":"https:\/\/viaexcelencia.com.mx\/#\/schema\/logo\/image\/"}}]}},"_links":{"self":[{"href":"https:\/\/viaexcelencia.com.mx\/index.php\/wp-json\/wp\/v2\/pages\/3"}],"collection":[{"href":"https:\/\/viaexcelencia.com.mx\/index.php\/wp-json\/wp\/v2\/pages"}],"about":[{"href":"https:\/\/viaexcelencia.com.mx\/index.php\/wp-json\/wp\/v2\/types\/page"}],"author":[{"embeddable":true,"href":"https:\/\/viaexcelencia.com.mx\/index.php\/wp-json\/wp\/v2\/users\/2"}],"replies":[{"embeddable":true,"href":"https:\/\/viaexcelencia.com.mx\/index.php\/wp-json\/wp\/v2\/comments?post=3"}],"version-history":[{"count":1,"href":"https:\/\/viaexcelencia.com.mx\/index.php\/wp-json\/wp\/v2\/pages\/3\/revisions"}],"predecessor-version":[{"id":795,"href":"https:\/\/viaexcelencia.com.mx\/index.php\/wp-json\/wp\/v2\/pages\/3\/revisions\/795"}],"wp:attachment":[{"href":"https:\/\/viaexcelencia.com.mx\/index.php\/wp-json\/wp\/v2\/media?parent=3"}],"curies":[{"name":"wp","href":"https:\/\/api.w.org\/{rel}","templated":true}]}}